{"id":5243,"date":"2020-10-19T09:12:55","date_gmt":"2020-10-19T09:12:55","guid":{"rendered":"https:\/\/www.introducingcastellon.com\/cookies-policy\/"},"modified":"2025-09-01T10:46:39","modified_gmt":"2025-09-01T10:46:39","slug":"cookies-policy","status":"publish","type":"page","link":"https:\/\/www.introducingcastellon.com\/en\/cookies-policy\/","title":{"rendered":"Cookies Policy"},"content":{"rendered":"[vc_row type=&#8221;in_container&#8221; full_screen_row_position=&#8221;middle&#8221; column_margin=&#8221;default&#8221; column_direction=&#8221;default&#8221; column_direction_tablet=&#8221;default&#8221; column_direction_phone=&#8221;default&#8221; scene_position=&#8221;center&#8221; top_padding=&#8221;5%&#8221; bottom_padding=&#8221;5%&#8221; text_color=&#8221;dark&#8221; text_align=&#8221;left&#8221; row_border_radius=&#8221;none&#8221; row_border_radius_applies=&#8221;bg&#8221; overflow=&#8221;visible&#8221; overlay_strength=&#8221;0.3&#8243; gradient_direction=&#8221;left_to_right&#8221; shape_divider_position=&#8221;bottom&#8221; bg_image_animation=&#8221;none&#8221; shape_type=&#8221;&#8221; gradient_type=&#8221;default&#8221;][vc_column column_padding=&#8221;no-extra-padding&#8221; column_padding_tablet=&#8221;inherit&#8221; column_padding_phone=&#8221;inherit&#8221; column_padding_position=&#8221;all&#8221; column_element_direction_desktop=&#8221;default&#8221; column_element_spacing=&#8221;default&#8221; desktop_text_alignment=&#8221;default&#8221; tablet_text_alignment=&#8221;default&#8221; phone_text_alignment=&#8221;default&#8221; background_color_opacity=&#8221;1&#8243; background_hover_color_opacity=&#8221;1&#8243; column_backdrop_filter=&#8221;none&#8221; column_shadow=&#8221;none&#8221; column_border_radius=&#8221;none&#8221; column_link_target=&#8221;_self&#8221; column_position=&#8221;default&#8221; gradient_direction=&#8221;left_to_right&#8221; overlay_strength=&#8221;0.3&#8243; width=&#8221;1\/1&#8243; tablet_width_inherit=&#8221;default&#8221; animation_type=&#8221;default&#8221; bg_image_animation=&#8221;none&#8221; border_type=&#8221;simple&#8221; column_border_width=&#8221;none&#8221; column_border_style=&#8221;solid&#8221;][vc_column_text]\n<h2>Cookie Policy<\/h2>\n<p><\/p>\n<div><\/div>\n<p><\/p>\n<div>In compliance with the provisions of Article 22.2 of the Law on Information Society Services and Electronic Commerce (LSSI) and in accordance with European Directive 2009\/136\/EC, &#8220;VIAJES GLOBUS&#8221;, responsible for the procurement of products from the &#8220;Product Club&#8221;, informs you that this website uses cookies, like most Internet portals, to improve the user experience. Below you will find information about what cookies are, what types of cookies this portal uses, how you can disable cookies in your browser, and how to specifically disable the installation of third-party cookies.<\/div>\n<p><\/p>\n<div><\/div>\n<p><\/p>\n<div><strong>What are cookies?<\/strong><\/div>\n<p><\/p>\n<div>Cookies are small files that some platforms, such as websites, can install on your computer, smartphone, tablet, or connected television. Their functions can be very varied: storing your browsing preferences, collecting statistical information, enabling certain technical features, etc. Sometimes, cookies are used to store basic information about the user&#8217;s browsing habits or their device, to the point, in some cases, of being able to recognize it.<\/p>\n<div><\/div>\n<p><\/p>\n<div><strong>Why are they important?<\/strong><\/div>\n<p><\/p>\n<div>Cookies are useful for several reasons. From a technical perspective, they allow websites to function more efficiently and adapt to your preferences, such as storing your language or your country&#8217;s currency. They also help website owners improve the services they offer, thanks to the statistical information they collect. Finally, they are used to make the advertising we show you more efficient, thanks to which we can offer you services free of charge.<\/div>\n<p><\/p>\n<div><\/div>\n<p><\/p>\n<div><strong>Do all cookies have the same function?<\/strong><\/div>\n<p><\/p>\n<div>\n<p>No, there are different types of cookies, and they are used for different purposes. Cookies can be differentiated by function, duration, and who stores and manages them on a website.<\/p>\n<\/div>\n<p><\/p>\n<div>Depending on who stores and manages them on the website, they can be:<\/div>\n<p><\/p>\n<ul>\n<li><strong>First-party cookies:<\/strong> These are sent to the user&#8217;s computer from a computer or domain managed by the publisher itself and from which the service requested by the user is provided.<\/li>\n<li><strong>Third-party cookies:<\/strong> These are sent to the user&#8217;s computer from a computer or domain that is not managed by the publisher but by a third party that processes the data obtained through the cookies.<\/li>\n<\/ul>\n<p><\/p>\n<div>Depending on their duration or length of time they remain active:<\/div>\n<p><\/p>\n<ul>\n<li><strong>Session cookies:<\/strong> These are used to collect and store data for the duration of the user&#8217;s visit to the page. Once the page is closed, they disappear.<\/li>\n<li><strong>Persistent cookies:<\/strong> The data collected with these cookies remains stored on the device and can be accessed and processed for a specific period of time defined by the data controller. cookie.<\/li>\n<\/ul>\n<p><\/p>\n<div>Depending on the purpose:<\/div>\n<p><\/p>\n<ul>\n<li><strong>Technical cookies:<\/strong> These cookies allow the website to function properly and ensure proper navigation.<\/li>\n<li><strong>Personalization cookies:<\/strong> These cookies allow you to access the website with some predefined general characteristics based on a series of criteria from the user&#8217;s device. They allow your preferences to be remembered for efficient and effective use of the website.<\/li>\n<li><strong>Analytical cookies:<\/strong> These cookies allow the data controller to monitor and analyze the behavior of users of the websites to which they are linked. They are used to understand how the user uses the website, see what works and what doesn&#8217;t, and thus allow the creation of browsing profiles, in order to introduce improvements based on the analysis of the data on the use of the service by users.<\/li>\n<li><strong>Advertising cookies:<\/strong> These cookies allow the publisher to effectively manage the advertising spaces on their website, from which they provide the service, based on criteria such as content.<\/li>\n<li><strong>Behavioral advertising cookies:<\/strong> These allow for the efficient management of the publisher&#8217;s advertising spaces on the website from which the requested service is provided. These cookies store information on user behavior through continuous monitoring of their browsing habits and develop a specific profile to display advertising based on this behavior.<\/li>\n<\/ul>\n<p><\/p>\n<h4><strong><br \/>\nWhich cookies are used by www.introducingcastellon.com?<\/strong><\/h4>\n<p><\/p>\n<div>\n<p>Specifically, this website uses the following cookies:<\/p>\n<\/div>\n<p><\/p>\n<div>\n<ul>\n<li><strong>Technical or functional cookies. &#8211; <\/strong> Functional cookies are strictly necessary and essential to optimally provide the services requested by users on this website. Their function is to collect purely technical data (operating system, traffic control, order retention, security, etc.), without collecting any personally identifiable data. <\/li>\n<li><strong>Analytical cookies. &#8211; <\/strong> Analytical cookies collect information to evaluate website usage and general website activity. Web analytics is the measurement, collection, analysis, and reporting of internet data for the purpose of understanding and optimizing website usage. These types of cookies are used on the domain www.introducingcastellon.com. <\/li>\n<\/ul>\n<\/div>\n<p><\/p>\n<div>For your information only, we indicate what other types of cookies exist. However, we inform you that www.viajesglobus.com does NOT use them:<\/p>\n<li><strong>Personalization cookies.- <\/strong> These cookies are intended to establish the basic and specific criteria of the user&#8217;s device (language, browser type, regional settings for accessing the service, etc.), and are not used to create a user profile.<\/li>\n<li><strong>Social cookies.- <\/strong> Social cookies are used by external social networks (Facebook, Google+, and Twitter). Their function is to control interaction with social widgets on the page.<\/li>\n<li><strong>Behavioral advertising cookies.- <\/strong> These cookies can store data related to your behavior and browsing habits, such as your favorite destinations and activities. This storage and processing allows us to obtain a specific profile of the user, improving and making the advertising offers displayed during browsing more effective.<\/li>\n<\/ul>\n<\/div>\n<p><\/p>\n<div>\n<p>Specifically, the cookies used by www.introducingcastellon.com are:<\/p>\n<\/div>\n<p><\/p>\n<div>\n<table border=\"1\" width=\"100%\" cellspacing=\"5\" align=\"center\">\n<tbody>\n<tr>\n<td colspan=\"3\"><strong>www.introducingcastellon.com&#8217;s own cookies (Required for proper operation)<\/strong><\/td>\n<\/tr>\n<tr>\n<th>Name<\/th>\n<th>Expiration time<\/th>\n<th>Description<\/th>\n<\/tr>\n<tr>\n<td>ASPSESSIONIDxxx<\/td>\n<td>Does not expire<\/td>\n<td>User session identifier.<\/td>\n<\/tr>\n<tr>\n<td colspan=\"3\"><strong>COOKIES FROM THIRD PARTIES: Google<\/strong><\/td>\n<\/tr>\n<tr>\n<th>Name<\/th>\n<th>Expiry time<\/th>\n<th>Description<\/th>\n<\/tr>\n<tr>\n<td>__utma<\/td>\n<td>2 years from set\/update<\/td>\n<td>Used to distinguish users and sessions. Created when the JavaScript library executes and no previous _utma cookies exist. Updated each time data is sent to Google Analytics.<\/td>\n<\/tr>\n<tr>\n<td>__utmb<\/td>\n<td>30 minutes from set\/update<\/td>\n<td>Used to determine new sessions\/visits. Created when the JavaScript library executes and no previous __utbm cookies exist. Updated each time data is sent to Google Analytics.<\/td>\n<\/tr>\n<tr>\n<td>__utmc<\/td>\n<td>End of browser session<\/td>\n<td>Not used in ga.js. Used for interoperability with urchin.js. Historically, this cookie worked in conjunction with the __utmb cookie to determine whether the user was in a new session\/visit.<\/td>\n<\/tr>\n<tr>\n<td>__utmz<\/td>\n<td>6 months from set\/update<\/td>\n<td>Stores the traffic source or campaign that explains how the user reached the website. Created when the JavaScript library executes and updated every time data is sent to Google Analytics. <\/td>\n<\/tr>\n<tr>\n<td>__utmt<\/td>\n<td>Expires at the end of the session<\/td>\n<td>This cookie is used to process the type of request requested by the user<\/td>\n<\/tr>\n<tr>\n<td>_ga<\/td>\n<td>Expires after 24 months (2 years)<\/td>\n<td>Stores a unique client identifier (Client ID), which is a randomly generated number. Once generated, the ID is stored in the cookie and included in every hit or request sent to Google Analytics. It is then used by Google Analytics servers to calculate user, session, and campaign data.<\/td>\n<\/tr>\n<tr>\n<td>_gat<\/td>\n<td>1 minute<\/td>\n<td>Used to throttle request rate<\/td>\n<\/tr>\n<tr>\n<td>_gid<\/td>\n<td>24 hours<\/td>\n<td>Used to distinguish users.<\/td>\n<\/tr>\n<\/tbody>\n<\/table>\n<\/div>\n<p><\/p>\n<h4><strong><br \/>\nHow can I configure my preferences?<\/strong><\/h4>\n<p><\/p>\n<div>\n<p>You can allow, block, or delete cookies installed on your computer by configuring your internet browser options. If you block cookies, certain services that require them may not be available to you.<\/p>\n<\/div>\n<p><\/p>\n<div>Below are links to information on how to activate your preferences in the main browsers:<\/div>\n<p><\/p>\n<ul>\n<li><a href=\"https:\/\/support.google.com\/chrome\/answer\/95647?hl=es\">Google Chrome<\/a><\/li>\n<li><a href=\"https:\/\/support.mozilla.org\/es\/kb\/cookies-informacion-que-los-sitios-web-guardan-en-?redirectlocale=en-US&amp;redirectslug=Cookies\">Mozilla Firefox<\/a><\/li>\n<li><a href=\"https:\/\/support.microsoft.com\/es-es\/kb\/196955\">Internet Explorer<\/a><\/li>\n<li><a href=\"https:\/\/support.apple.com\/es-es\/HT201265\">Safari for IOS (iPhone, iPad)<\/a><\/li>\n<li><a href=\"http:\/\/www.macromedia.com\/support\/documentation\/en\/flashplayer\/help\/settings_manager07.html\">Flash Cookies<\/a><\/li>\n<\/ul>\n<p><\/p>\n<div>If you wish to contact us regarding our cookie policy, you can do so at info@travelcastellon.com.<\/div>\n[\/vc_column_text][\/vc_column][\/vc_row]\n","protected":false},"excerpt":{"rendered":"<p>[vc_row type=&#8221;in_container&#8221; full_screen_row_position=&#8221;middle&#8221; column_margin=&#8221;default&#8221; column_direction=&#8221;default&#8221; column_direction_tablet=&#8221;default&#8221; column_direction_phone=&#8221;default&#8221; scene_position=&#8221;center&#8221; top_padding=&#8221;5%&#8221; bottom_padding=&#8221;5%&#8221; text_color=&#8221;dark&#8221; text_align=&#8221;left&#8221; row_border_radius=&#8221;none&#8221; row_border_radius_applies=&#8221;bg&#8221; overflow=&#8221;visible&#8221; overlay_strength=&#8221;0.3&#8243; gradient_direction=&#8221;left_to_right&#8221; shape_divider_position=&#8221;bottom&#8221; bg_image_animation=&#8221;none&#8221; shape_type=&#8221;&#8221; gradient_type=&#8221;default&#8221;][vc_column column_padding=&#8221;no-extra-padding&#8221; column_padding_tablet=&#8221;inherit&#8221; column_padding_phone=&#8221;inherit&#8221; column_padding_position=&#8221;all&#8221; column_element_direction_desktop=&#8221;default&#8221; column_element_spacing=&#8221;default&#8221; desktop_text_alignment=&#8221;default&#8221; tablet_text_alignment=&#8221;default&#8221; phone_text_alignment=&#8221;default&#8221;&#8230;<\/p>\n","protected":false},"author":1,"featured_media":0,"parent":0,"menu_order":0,"comment_status":"closed","ping_status":"closed","template":"","meta":{"footnotes":""},"class_list":["post-5243","page","type-page","status-publish"],"yoast_head":"<!-- This site is optimized with the Yoast SEO plugin v27.4 - https:\/\/yoast.com\/product\/yoast-seo-wordpress\/ -->\n<title>Cookies Policy - Introducing Castell\u00f3n - La \u00fanica plataforma especializada en la provincia de Castell\u00f3n<\/title>\n<meta name=\"robots\" content=\"index, follow, max-snippet:-1, max-image-preview:large, max-video-preview:-1\" \/>\n<link rel=\"canonical\" href=\"https:\/\/www.introducingcastellon.com\/politica-de-cookies\/\" \/>\n<meta property=\"og:locale\" content=\"en_US\" \/>\n<meta property=\"og:type\" content=\"article\" \/>\n<meta property=\"og:title\" content=\"Cookies Policy - Introducing Castell\u00f3n - La \u00fanica plataforma especializada en la provincia de Castell\u00f3n\" \/>\n<meta property=\"og:description\" content=\"[vc_row type=&#8221;in_container&#8221; full_screen_row_position=&#8221;middle&#8221; column_margin=&#8221;default&#8221; column_direction=&#8221;default&#8221; column_direction_tablet=&#8221;default&#8221; column_direction_phone=&#8221;default&#8221; scene_position=&#8221;center&#8221; top_padding=&#8221;5%&#8221; bottom_padding=&#8221;5%&#8221; text_color=&#8221;dark&#8221; text_align=&#8221;left&#8221; row_border_radius=&#8221;none&#8221; row_border_radius_applies=&#8221;bg&#8221; overflow=&#8221;visible&#8221; overlay_strength=&#8221;0.3&#8243; gradient_direction=&#8221;left_to_right&#8221; shape_divider_position=&#8221;bottom&#8221; bg_image_animation=&#8221;none&#8221; shape_type=&#8221;&#8221; gradient_type=&#8221;default&#8221;][vc_column column_padding=&#8221;no-extra-padding&#8221; column_padding_tablet=&#8221;inherit&#8221; column_padding_phone=&#8221;inherit&#8221; column_padding_position=&#8221;all&#8221; column_element_direction_desktop=&#8221;default&#8221; column_element_spacing=&#8221;default&#8221; desktop_text_alignment=&#8221;default&#8221; tablet_text_alignment=&#8221;default&#8221; phone_text_alignment=&#8221;default&#8221;...\" \/>\n<meta property=\"og:url\" content=\"https:\/\/www.introducingcastellon.com\/politica-de-cookies\/\" \/>\n<meta property=\"og:site_name\" content=\"Introducing Castell\u00f3n - La \u00fanica plataforma especializada en la provincia de Castell\u00f3n\" \/>\n<meta property=\"article:modified_time\" content=\"2025-09-01T10:46:39+00:00\" \/>\n<meta name=\"twitter:card\" content=\"summary_large_image\" \/>\n<meta name=\"twitter:label1\" content=\"Est. reading time\" \/>\n\t<meta name=\"twitter:data1\" content=\"7 minutes\" \/>\n<script type=\"application\/ld+json\" class=\"yoast-schema-graph\">{\"@context\":\"https:\\\/\\\/schema.org\",\"@graph\":[{\"@type\":\"WebPage\",\"@id\":\"https:\\\/\\\/www.introducingcastellon.com\\\/politica-de-cookies\\\/\",\"url\":\"https:\\\/\\\/www.introducingcastellon.com\\\/politica-de-cookies\\\/\",\"name\":\"Cookies Policy - Introducing Castell\u00f3n - La \u00fanica plataforma especializada en la provincia de Castell\u00f3n\",\"isPartOf\":{\"@id\":\"https:\\\/\\\/www.introducingcastellon.com\\\/#website\"},\"datePublished\":\"2020-10-19T09:12:55+00:00\",\"dateModified\":\"2025-09-01T10:46:39+00:00\",\"breadcrumb\":{\"@id\":\"https:\\\/\\\/www.introducingcastellon.com\\\/politica-de-cookies\\\/#breadcrumb\"},\"inLanguage\":\"en-US\",\"potentialAction\":[{\"@type\":\"ReadAction\",\"target\":[\"https:\\\/\\\/www.introducingcastellon.com\\\/politica-de-cookies\\\/\"]}]},{\"@type\":\"BreadcrumbList\",\"@id\":\"https:\\\/\\\/www.introducingcastellon.com\\\/politica-de-cookies\\\/#breadcrumb\",\"itemListElement\":[{\"@type\":\"ListItem\",\"position\":1,\"name\":\"Home\",\"item\":\"https:\\\/\\\/www.introducingcastellon.com\\\/en\\\/homepage\\\/\"},{\"@type\":\"ListItem\",\"position\":2,\"name\":\"Cookies Policy\"}]},{\"@type\":\"WebSite\",\"@id\":\"https:\\\/\\\/www.introducingcastellon.com\\\/#website\",\"url\":\"https:\\\/\\\/www.introducingcastellon.com\\\/\",\"name\":\"Introducing Castell\u00f3n - La \u00fanica plataforma especializada en la provincia de Castell\u00f3n\",\"description\":\"Bono viaje Comunidad Valenciana\",\"potentialAction\":[{\"@type\":\"SearchAction\",\"target\":{\"@type\":\"EntryPoint\",\"urlTemplate\":\"https:\\\/\\\/www.introducingcastellon.com\\\/?s={search_term_string}\"},\"query-input\":{\"@type\":\"PropertyValueSpecification\",\"valueRequired\":true,\"valueName\":\"search_term_string\"}}],\"inLanguage\":\"en-US\"}]}<\/script>\n<!-- \/ Yoast SEO plugin. -->","yoast_head_json":{"title":"Cookies Policy - Introducing Castell\u00f3n - La \u00fanica plataforma especializada en la provincia de Castell\u00f3n","robots":{"index":"index","follow":"follow","max-snippet":"max-snippet:-1","max-image-preview":"max-image-preview:large","max-video-preview":"max-video-preview:-1"},"canonical":"https:\/\/www.introducingcastellon.com\/politica-de-cookies\/","og_locale":"en_US","og_type":"article","og_title":"Cookies Policy - Introducing Castell\u00f3n - La \u00fanica plataforma especializada en la provincia de Castell\u00f3n","og_description":"[vc_row type=&#8221;in_container&#8221; full_screen_row_position=&#8221;middle&#8221; column_margin=&#8221;default&#8221; column_direction=&#8221;default&#8221; column_direction_tablet=&#8221;default&#8221; column_direction_phone=&#8221;default&#8221; scene_position=&#8221;center&#8221; top_padding=&#8221;5%&#8221; bottom_padding=&#8221;5%&#8221; text_color=&#8221;dark&#8221; text_align=&#8221;left&#8221; row_border_radius=&#8221;none&#8221; row_border_radius_applies=&#8221;bg&#8221; overflow=&#8221;visible&#8221; overlay_strength=&#8221;0.3&#8243; gradient_direction=&#8221;left_to_right&#8221; shape_divider_position=&#8221;bottom&#8221; bg_image_animation=&#8221;none&#8221; shape_type=&#8221;&#8221; gradient_type=&#8221;default&#8221;][vc_column column_padding=&#8221;no-extra-padding&#8221; column_padding_tablet=&#8221;inherit&#8221; column_padding_phone=&#8221;inherit&#8221; column_padding_position=&#8221;all&#8221; column_element_direction_desktop=&#8221;default&#8221; column_element_spacing=&#8221;default&#8221; desktop_text_alignment=&#8221;default&#8221; tablet_text_alignment=&#8221;default&#8221; phone_text_alignment=&#8221;default&#8221;...","og_url":"https:\/\/www.introducingcastellon.com\/politica-de-cookies\/","og_site_name":"Introducing Castell\u00f3n - La \u00fanica plataforma especializada en la provincia de Castell\u00f3n","article_modified_time":"2025-09-01T10:46:39+00:00","twitter_card":"summary_large_image","twitter_misc":{"Est. reading time":"7 minutes"},"schema":{"@context":"https:\/\/schema.org","@graph":[{"@type":"WebPage","@id":"https:\/\/www.introducingcastellon.com\/politica-de-cookies\/","url":"https:\/\/www.introducingcastellon.com\/politica-de-cookies\/","name":"Cookies Policy - Introducing Castell\u00f3n - La \u00fanica plataforma especializada en la provincia de Castell\u00f3n","isPartOf":{"@id":"https:\/\/www.introducingcastellon.com\/#website"},"datePublished":"2020-10-19T09:12:55+00:00","dateModified":"2025-09-01T10:46:39+00:00","breadcrumb":{"@id":"https:\/\/www.introducingcastellon.com\/politica-de-cookies\/#breadcrumb"},"inLanguage":"en-US","potentialAction":[{"@type":"ReadAction","target":["https:\/\/www.introducingcastellon.com\/politica-de-cookies\/"]}]},{"@type":"BreadcrumbList","@id":"https:\/\/www.introducingcastellon.com\/politica-de-cookies\/#breadcrumb","itemListElement":[{"@type":"ListItem","position":1,"name":"Home","item":"https:\/\/www.introducingcastellon.com\/en\/homepage\/"},{"@type":"ListItem","position":2,"name":"Cookies Policy"}]},{"@type":"WebSite","@id":"https:\/\/www.introducingcastellon.com\/#website","url":"https:\/\/www.introducingcastellon.com\/","name":"Introducing Castell\u00f3n - La \u00fanica plataforma especializada en la provincia de Castell\u00f3n","description":"Bono viaje Comunidad Valenciana","potentialAction":[{"@type":"SearchAction","target":{"@type":"EntryPoint","urlTemplate":"https:\/\/www.introducingcastellon.com\/?s={search_term_string}"},"query-input":{"@type":"PropertyValueSpecification","valueRequired":true,"valueName":"search_term_string"}}],"inLanguage":"en-US"}]}},"_links":{"self":[{"href":"https:\/\/www.introducingcastellon.com\/en\/wp-json\/wp\/v2\/pages\/5243","targetHints":{"allow":["GET"]}}],"collection":[{"href":"https:\/\/www.introducingcastellon.com\/en\/wp-json\/wp\/v2\/pages"}],"about":[{"href":"https:\/\/www.introducingcastellon.com\/en\/wp-json\/wp\/v2\/types\/page"}],"author":[{"embeddable":true,"href":"https:\/\/www.introducingcastellon.com\/en\/wp-json\/wp\/v2\/users\/1"}],"replies":[{"embeddable":true,"href":"https:\/\/www.introducingcastellon.com\/en\/wp-json\/wp\/v2\/comments?post=5243"}],"version-history":[{"count":2,"href":"https:\/\/www.introducingcastellon.com\/en\/wp-json\/wp\/v2\/pages\/5243\/revisions"}],"predecessor-version":[{"id":5245,"href":"https:\/\/www.introducingcastellon.com\/en\/wp-json\/wp\/v2\/pages\/5243\/revisions\/5245"}],"wp:attachment":[{"href":"https:\/\/www.introducingcastellon.com\/en\/wp-json\/wp\/v2\/media?parent=5243"}],"curies":[{"name":"wp","href":"https:\/\/api.w.org\/{rel}","templated":true}]}}